{"id":90,"date":"2025-07-25T14:20:18","date_gmt":"2025-07-25T12:20:18","guid":{"rendered":"https:\/\/www.camping-bergheimat.de\/?page_id=90"},"modified":"2026-02-28T19:29:07","modified_gmt":"2026-02-28T18:29:07","slug":"aktuelles","status":"publish","type":"page","link":"https:\/\/www.camping-bergheimat.de\/en\/aktuelles\/","title":{"rendered":"Latest news"},"content":{"rendered":"<div data-elementor-type=\"wp-page\" data-elementor-id=\"90\" class=\"elementor elementor-90\" data-elementor-post-type=\"page\">\n\t\t\t\t<div class=\"elementor-element elementor-element-4c426ca0 e-flex e-con-boxed e-con e-parent\" data-id=\"4c426ca0\" data-element_type=\"container\" data-e-type=\"container\" data-settings=\"{&quot;background_background&quot;:&quot;classic&quot;,&quot;shape_divider_bottom&quot;:&quot;curve-asymmetrical&quot;,&quot;shape_divider_bottom_negative&quot;:&quot;yes&quot;}\">\n\t\t\t\t\t<div class=\"e-con-inner\">\n\t\t\t\t<div class=\"elementor-shape elementor-shape-bottom\" aria-hidden=\"true\" data-negative=\"true\">\n\t\t\t<svg xmlns=\"http:\/\/www.w3.org\/2000\/svg\" viewbox=\"0 0 1000 100\" preserveaspectratio=\"none\">\n\t<path class=\"elementor-shape-fill\" d=\"M615.2,96.7C240.2,97.8,0,18.9,0,0v100h1000V0C1000,19.2,989.8,96,615.2,96.7z\"\/>\n<\/svg>\t\t<\/div>\n\t\t<div class=\"elementor-element elementor-element-7835ec81 e-con-full e-flex e-con e-child\" data-id=\"7835ec81\" data-element_type=\"container\" data-e-type=\"container\" data-settings=\"{&quot;background_background&quot;:&quot;classic&quot;}\">\n\t\t\t\t<div class=\"elementor-element elementor-element-520fb8e elementor-widget elementor-widget-heading\" data-id=\"520fb8e\" data-element_type=\"widget\" data-e-type=\"widget\" data-widget_type=\"heading.default\">\n\t\t\t\t\t<h2 class=\"elementor-heading-title elementor-size-default\">Camping &amp; Pension Bergheimat<\/h2>\t\t\t\t<\/div>\n\t\t\t\t<div class=\"elementor-element elementor-element-5a4e569 elementor-widget elementor-widget-heading\" data-id=\"5a4e569\" data-element_type=\"widget\" data-e-type=\"widget\" data-widget_type=\"heading.default\">\n\t\t\t\t\t<h1 class=\"elementor-heading-title elementor-size-default\">Latest news<\/h1>\t\t\t\t<\/div>\n\t\t\t\t<\/div>\n\t\t\t\t\t<\/div>\n\t\t\t\t<\/div>\n\t\t<div class=\"elementor-element elementor-element-66fdbcc e-flex e-con-boxed e-con e-parent\" data-id=\"66fdbcc\" data-element_type=\"container\" data-e-type=\"container\">\n\t\t\t\t\t<div class=\"e-con-inner\">\n\t\t<div class=\"elementor-element elementor-element-fa0156d e-con-full e-flex e-con e-child\" data-id=\"fa0156d\" data-element_type=\"container\" data-e-type=\"container\" data-settings=\"{&quot;background_background&quot;:&quot;classic&quot;}\">\n\t\t\t\t<div class=\"elementor-element elementor-element-7fb05c24 elementor-widget elementor-widget-text-editor\" data-id=\"7fb05c24\" data-element_type=\"widget\" data-e-type=\"widget\" data-widget_type=\"text-editor.default\">\n\t\t\t\t\t\t\t\t\t<p>Here you will find all the latest news about our campsite in Oberjoch: free pitches, events in the region, job vacancies and much more. Check back regularly to make sure you don't miss anything.<\/p>\t\t\t\t\t\t\t\t<\/div>\n\t\t\t\t<div class=\"elementor-element elementor-element-76ec0db3 elementor-invisible elementor-widget elementor-widget-button\" data-id=\"76ec0db3\" data-element_type=\"widget\" data-e-type=\"widget\" data-settings=\"{&quot;_animation&quot;:&quot;fadeInUp&quot;}\" data-widget_type=\"button.default\">\n\t\t\t\t\t\t\t\t\t\t<a class=\"elementor-button elementor-button-link elementor-size-sm\" href=\"https:\/\/www.camping-bergheimat.de\/en\/online-buchung\/\">\n\t\t\t\t\t\t<span class=\"elementor-button-content-wrapper\">\n\t\t\t\t\t\t\t\t\t<span class=\"elementor-button-text\">Book now<\/span>\n\t\t\t\t\t<\/span>\n\t\t\t\t\t<\/a>\n\t\t\t\t\t\t\t\t<\/div>\n\t\t\t\t<\/div>\n\t\t\t\t\t<\/div>\n\t\t\t\t<\/div>\n\t\t<div class=\"elementor-element elementor-element-cb2619e e-flex e-con-boxed e-con e-parent\" data-id=\"cb2619e\" data-element_type=\"container\" data-e-type=\"container\">\n\t\t\t\t\t<div class=\"e-con-inner\">\n\t\t<div class=\"elementor-element elementor-element-4623b17 e-con-full e-flex e-con e-child\" data-id=\"4623b17\" data-element_type=\"container\" data-e-type=\"container\">\n\t\t\t\t<div class=\"elementor-element elementor-element-97f99d3 elementor-widget elementor-widget-heading\" data-id=\"97f99d3\" data-element_type=\"widget\" data-e-type=\"widget\" data-widget_type=\"heading.default\">\n\t\t\t\t\t<h2 class=\"elementor-heading-title elementor-size-default\">Jobs<\/h2>\t\t\t\t<\/div>\n\t\t\t\t<div class=\"elementor-element elementor-element-ec22fa7 elementor-widget elementor-widget-text-editor\" data-id=\"ec22fa7\" data-element_type=\"widget\" data-e-type=\"widget\" data-widget_type=\"text-editor.default\">\n\t\t\t\t\t\t\t\t\t<p>Employee (f\/m\/d) for cleaning and maintenance wanted (full-time or part-time)<\/p>\t\t\t\t\t\t\t\t<\/div>\n\t\t\t\t<div class=\"elementor-element elementor-element-20b9339 elementor-widget elementor-widget-text-editor\" data-id=\"20b9339\" data-element_type=\"widget\" data-e-type=\"widget\" data-widget_type=\"text-editor.default\">\n\t\t\t\t\t\t\t\t\t<p>For our family-run campsite in the Allg\u00e4u we are looking for reliable and committed support for the cleaning and maintenance of our facilities.<\/p><p>You will independently take care of the cleaning of all guest areas - including sanitary facilities, guest rooms, drying room and our holiday flat. With your work, you ensure that our guests feel welcome from the very first moment.<\/p><p><strong>What we wish for<\/strong><\/p><ul><li>You work independently and in a structured manner.<\/li><li>You are reliable, committed and have an eye for detail.<\/li><li>You are flexible in terms of time - we are busiest when others have time off.<\/li><li>During the high season, you will mainly be responsible for cleaning our facilities and the holiday flat.<\/li><li>In the low season, you will also help with maintenance and gardening work on the campsite.<\/li><li>A basic understanding of craftsmanship is an advantage, but not a must.<\/li><\/ul><p>\u00a0<\/p><p><strong>What we offer<\/strong><\/p><ul><li>Part-time or full-time position with long-term prospects<\/li><li>50-60 days paid holiday per year (due to seasonal rest periods)<\/li><li>Independent work in an appreciative, familiar environment<\/li><li>A workplace in the middle of nature - where others go on holiday.<\/li><\/ul><p>If you like to take on responsibility, work independently and want to be part of a small, committed team, we look forward to receiving your application.<\/p>\t\t\t\t\t\t\t\t<\/div>\n\t\t\t\t<\/div>\n\t\t<div class=\"elementor-element elementor-element-6b694e2 e-con-full e-flex e-con e-child\" data-id=\"6b694e2\" data-element_type=\"container\" data-e-type=\"container\">\n\t\t\t\t<div class=\"elementor-element elementor-element-985e8c3 elementor-widget elementor-widget-heading\" data-id=\"985e8c3\" data-element_type=\"widget\" data-e-type=\"widget\" data-widget_type=\"heading.default\">\n\t\t\t\t\t<h2 class=\"elementor-heading-title elementor-size-default\">Pitches<\/h2>\t\t\t\t<\/div>\n\t\t\t\t<\/div>\n\t\t\t\t\t<\/div>\n\t\t\t\t<\/div>\n\t\t\t\t<\/div>","protected":false},"excerpt":{"rendered":"<p>Camping Bergheimat Aktuelles Hier findet ihr alle Neuigkeiten rund um unseren Campingplatz in Oberjoch: freie Stellpl\u00e4tze, Veranstaltungen in der Region, Stellenangebote und vieles mehr. Schaut gerne regelm\u00e4\u00dfig vorbei, um nichts zu verpassen. Jetzt buchen Jobs Mitarbeiterin (w\/m\/d) f\u00fcr Reinigung und Instanthaltung gesucht (Vollzeit oder Teilzeit) F\u00fcr unseren famili\u00e4r gef\u00fchrten Campingplatz im Allg\u00e4u suchen wir eine [&hellip;]<\/p>\n","protected":false},"author":1,"featured_media":0,"parent":0,"menu_order":0,"comment_status":"closed","ping_status":"closed","template":"","meta":{"_acf_changed":false,"footnotes":""},"class_list":["post-90","page","type-page","status-publish","hentry"],"acf":[],"yoast_head":"<!-- This site is optimized with the Yoast SEO plugin v27.5 - https:\/\/yoast.com\/product\/yoast-seo-wordpress\/ -->\n<title>Aktuelles - Camping Bergheimat<\/title>\n<meta name=\"description\" content=\"Hier finden Sie alles was Sie aktuell wissen m\u00fcssen. Anstehende Veranstaltungen, freie Stellpl\u00e4tze oder allgemeine Infos.\" \/>\n<meta name=\"robots\" content=\"index, follow, max-snippet:-1, max-image-preview:large, max-video-preview:-1\" \/>\n<link rel=\"canonical\" href=\"https:\/\/www.camping-bergheimat.de\/en\/aktuelles\/\" \/>\n<meta property=\"og:locale\" content=\"en_GB\" \/>\n<meta property=\"og:type\" content=\"article\" \/>\n<meta property=\"og:title\" content=\"Aktuelles - Camping Bergheimat\" \/>\n<meta property=\"og:description\" content=\"Hier finden Sie alles was Sie aktuell wissen m\u00fcssen. Anstehende Veranstaltungen, freie Stellpl\u00e4tze oder allgemeine Infos.\" \/>\n<meta property=\"og:url\" content=\"https:\/\/www.camping-bergheimat.de\/en\/aktuelles\/\" \/>\n<meta property=\"og:site_name\" content=\"Camping Bergheimat\" \/>\n<meta property=\"article:modified_time\" content=\"2026-02-28T18:29:07+00:00\" \/>\n<meta name=\"twitter:card\" content=\"summary_large_image\" \/>\n<meta name=\"twitter:label1\" content=\"Estimated reading time\" \/>\n\t<meta name=\"twitter:data1\" content=\"2 minutes\" \/>\n<script type=\"application\/ld+json\" class=\"yoast-schema-graph\">{\"@context\":\"https:\\\/\\\/schema.org\",\"@graph\":[{\"@type\":\"WebPage\",\"@id\":\"https:\\\/\\\/www.camping-bergheimat.de\\\/aktuelles\\\/\",\"url\":\"https:\\\/\\\/www.camping-bergheimat.de\\\/aktuelles\\\/\",\"name\":\"Aktuelles - Camping Bergheimat\",\"isPartOf\":{\"@id\":\"https:\\\/\\\/www.camping-bergheimat.de\\\/#website\"},\"datePublished\":\"2025-07-25T12:20:18+00:00\",\"dateModified\":\"2026-02-28T18:29:07+00:00\",\"description\":\"Hier finden Sie alles was Sie aktuell wissen m\u00fcssen. Anstehende Veranstaltungen, freie Stellpl\u00e4tze oder allgemeine Infos.\",\"breadcrumb\":{\"@id\":\"https:\\\/\\\/www.camping-bergheimat.de\\\/aktuelles\\\/#breadcrumb\"},\"inLanguage\":\"en-GB\",\"potentialAction\":[{\"@type\":\"ReadAction\",\"target\":[\"https:\\\/\\\/www.camping-bergheimat.de\\\/aktuelles\\\/\"]}]},{\"@type\":\"BreadcrumbList\",\"@id\":\"https:\\\/\\\/www.camping-bergheimat.de\\\/aktuelles\\\/#breadcrumb\",\"itemListElement\":[{\"@type\":\"ListItem\",\"position\":1,\"name\":\"Startseite\",\"item\":\"https:\\\/\\\/www.camping-bergheimat.de\\\/\"},{\"@type\":\"ListItem\",\"position\":2,\"name\":\"Aktuelles\"}]},{\"@type\":\"WebSite\",\"@id\":\"https:\\\/\\\/www.camping-bergheimat.de\\\/#website\",\"url\":\"https:\\\/\\\/www.camping-bergheimat.de\\\/\",\"name\":\"Camping Bergheimat\",\"description\":\"\",\"publisher\":{\"@id\":\"https:\\\/\\\/www.camping-bergheimat.de\\\/#organization\"},\"potentialAction\":[{\"@type\":\"SearchAction\",\"target\":{\"@type\":\"EntryPoint\",\"urlTemplate\":\"https:\\\/\\\/www.camping-bergheimat.de\\\/?s={search_term_string}\"},\"query-input\":{\"@type\":\"PropertyValueSpecification\",\"valueRequired\":true,\"valueName\":\"search_term_string\"}}],\"inLanguage\":\"en-GB\"},{\"@type\":\"Organization\",\"@id\":\"https:\\\/\\\/www.camping-bergheimat.de\\\/#organization\",\"name\":\"Camping Bergheimat\",\"url\":\"https:\\\/\\\/www.camping-bergheimat.de\\\/\",\"logo\":{\"@type\":\"ImageObject\",\"inLanguage\":\"en-GB\",\"@id\":\"https:\\\/\\\/www.camping-bergheimat.de\\\/#\\\/schema\\\/logo\\\/image\\\/\",\"url\":\"https:\\\/\\\/www.camping-bergheimat.de\\\/wp-content\\\/uploads\\\/2025\\\/08\\\/Bergheimat-Logo-2_300dpi-scaled.png\",\"contentUrl\":\"https:\\\/\\\/www.camping-bergheimat.de\\\/wp-content\\\/uploads\\\/2025\\\/08\\\/Bergheimat-Logo-2_300dpi-scaled.png\",\"width\":2560,\"height\":1810,\"caption\":\"Camping Bergheimat\"},\"image\":{\"@id\":\"https:\\\/\\\/www.camping-bergheimat.de\\\/#\\\/schema\\\/logo\\\/image\\\/\"}}]}<\/script>\n<!-- \/ Yoast SEO plugin. -->","yoast_head_json":{"title":"Aktuelles - Camping Bergheimat","description":"Hier finden Sie alles was Sie aktuell wissen m\u00fcssen. Anstehende Veranstaltungen, freie Stellpl\u00e4tze oder allgemeine Infos.","robots":{"index":"index","follow":"follow","max-snippet":"max-snippet:-1","max-image-preview":"max-image-preview:large","max-video-preview":"max-video-preview:-1"},"canonical":"https:\/\/www.camping-bergheimat.de\/en\/aktuelles\/","og_locale":"en_GB","og_type":"article","og_title":"Aktuelles - Camping Bergheimat","og_description":"Hier finden Sie alles was Sie aktuell wissen m\u00fcssen. Anstehende Veranstaltungen, freie Stellpl\u00e4tze oder allgemeine Infos.","og_url":"https:\/\/www.camping-bergheimat.de\/en\/aktuelles\/","og_site_name":"Camping Bergheimat","article_modified_time":"2026-02-28T18:29:07+00:00","twitter_card":"summary_large_image","twitter_misc":{"Estimated reading time":"2 minutes"},"schema":{"@context":"https:\/\/schema.org","@graph":[{"@type":"WebPage","@id":"https:\/\/www.camping-bergheimat.de\/aktuelles\/","url":"https:\/\/www.camping-bergheimat.de\/aktuelles\/","name":"Aktuelles - Camping Bergheimat","isPartOf":{"@id":"https:\/\/www.camping-bergheimat.de\/#website"},"datePublished":"2025-07-25T12:20:18+00:00","dateModified":"2026-02-28T18:29:07+00:00","description":"Hier finden Sie alles was Sie aktuell wissen m\u00fcssen. Anstehende Veranstaltungen, freie Stellpl\u00e4tze oder allgemeine Infos.","breadcrumb":{"@id":"https:\/\/www.camping-bergheimat.de\/aktuelles\/#breadcrumb"},"inLanguage":"en-GB","potentialAction":[{"@type":"ReadAction","target":["https:\/\/www.camping-bergheimat.de\/aktuelles\/"]}]},{"@type":"BreadcrumbList","@id":"https:\/\/www.camping-bergheimat.de\/aktuelles\/#breadcrumb","itemListElement":[{"@type":"ListItem","position":1,"name":"Startseite","item":"https:\/\/www.camping-bergheimat.de\/"},{"@type":"ListItem","position":2,"name":"Aktuelles"}]},{"@type":"WebSite","@id":"https:\/\/www.camping-bergheimat.de\/#website","url":"https:\/\/www.camping-bergheimat.de\/","name":"Camping &amp; Pension Bergheimat","description":"","publisher":{"@id":"https:\/\/www.camping-bergheimat.de\/#organization"},"potentialAction":[{"@type":"SearchAction","target":{"@type":"EntryPoint","urlTemplate":"https:\/\/www.camping-bergheimat.de\/?s={search_term_string}"},"query-input":{"@type":"PropertyValueSpecification","valueRequired":true,"valueName":"search_term_string"}}],"inLanguage":"en-GB"},{"@type":"Organization","@id":"https:\/\/www.camping-bergheimat.de\/#organization","name":"Camping &amp; Pension Bergheimat","url":"https:\/\/www.camping-bergheimat.de\/","logo":{"@type":"ImageObject","inLanguage":"en-GB","@id":"https:\/\/www.camping-bergheimat.de\/#\/schema\/logo\/image\/","url":"https:\/\/www.camping-bergheimat.de\/wp-content\/uploads\/2025\/08\/Bergheimat-Logo-2_300dpi-scaled.png","contentUrl":"https:\/\/www.camping-bergheimat.de\/wp-content\/uploads\/2025\/08\/Bergheimat-Logo-2_300dpi-scaled.png","width":2560,"height":1810,"caption":"Camping Bergheimat"},"image":{"@id":"https:\/\/www.camping-bergheimat.de\/#\/schema\/logo\/image\/"}}]}},"_links":{"self":[{"href":"https:\/\/www.camping-bergheimat.de\/en\/wp-json\/wp\/v2\/pages\/90","targetHints":{"allow":["GET"]}}],"collection":[{"href":"https:\/\/www.camping-bergheimat.de\/en\/wp-json\/wp\/v2\/pages"}],"about":[{"href":"https:\/\/www.camping-bergheimat.de\/en\/wp-json\/wp\/v2\/types\/page"}],"author":[{"embeddable":true,"href":"https:\/\/www.camping-bergheimat.de\/en\/wp-json\/wp\/v2\/users\/1"}],"replies":[{"embeddable":true,"href":"https:\/\/www.camping-bergheimat.de\/en\/wp-json\/wp\/v2\/comments?post=90"}],"version-history":[{"count":10,"href":"https:\/\/www.camping-bergheimat.de\/en\/wp-json\/wp\/v2\/pages\/90\/revisions"}],"predecessor-version":[{"id":5917,"href":"https:\/\/www.camping-bergheimat.de\/en\/wp-json\/wp\/v2\/pages\/90\/revisions\/5917"}],"wp:attachment":[{"href":"https:\/\/www.camping-bergheimat.de\/en\/wp-json\/wp\/v2\/media?parent=90"}],"curies":[{"name":"wp","href":"https:\/\/api.w.org\/{rel}","templated":true}]}}