{"id":31,"date":"2025-07-22T11:12:22","date_gmt":"2025-07-22T09:12:22","guid":{"rendered":"https:\/\/www.camping-bergheimat.de\/?page_id=31"},"modified":"2026-02-04T20:15:58","modified_gmt":"2026-02-04T19:15:58","slug":"stornobedingungen","status":"publish","type":"page","link":"https:\/\/www.camping-bergheimat.de\/nl\/stornobedingungen\/","title":{"rendered":"Annuleringsvoorwaarden"},"content":{"rendered":"<div data-elementor-type=\"wp-page\" data-elementor-id=\"31\" class=\"elementor elementor-31\" data-elementor-post-type=\"page\">\n\t\t\t\t<div class=\"elementor-element elementor-element-8173625 e-flex e-con-boxed e-con e-parent\" data-id=\"8173625\" data-element_type=\"container\" data-e-type=\"container\">\n\t\t\t\t\t<div class=\"e-con-inner\">\n\t\t\t\t<div class=\"elementor-element elementor-element-626f1f8 elementor-widget elementor-widget-heading\" data-id=\"626f1f8\" data-element_type=\"widget\" data-e-type=\"widget\" data-widget_type=\"heading.default\">\n\t\t\t\t\t<h2 class=\"elementor-heading-title elementor-size-default\">Annuleringsvoorwaarden<\/h2>\t\t\t\t<\/div>\n\t\t\t\t<div class=\"elementor-element elementor-element-d014c92 elementor-widget elementor-widget-text-editor\" data-id=\"d014c92\" data-element_type=\"widget\" data-e-type=\"widget\" data-widget_type=\"text-editor.default\">\n\t\t\t\t\t\t\t\t\t<p data-start=\"247\" data-end=\"506\">Om het voor jou zo eenvoudig mogelijk te houden, vragen we in de meeste gevallen geen aanbetaling. Als je eenmaal geboekt hebt, reserveren we de staanplaats of vakantiewoning natuurlijk voor je en annuleren we deze voor andere ge\u00efnteresseerden.<\/p><p data-start=\"513\" data-end=\"711\">Mochten je plannen veranderen, dan gelden de volgende verwerkings- en annuleringskosten in geval van annulering (schriftelijk en informeel), no-show of inkorting van je verblijf.<\/p><p data-start=\"718\" data-end=\"902\">Belangrijk: De minimale boekingsperiode moet altijd in acht worden genomen. Dit is over het algemeen twee nachten, vier nachten tijdens de feestdagen en vijf nachten tijdens de Beierse zomervakantie.<\/p>\t\t\t\t\t\t\t\t<\/div>\n\t\t\t\t<div class=\"elementor-element elementor-element-8bffa28 elementor-widget elementor-widget-tablepress-table\" data-id=\"8bffa28\" data-element_type=\"widget\" data-e-type=\"widget\" data-widget_type=\"tablepress-table.default\">\n\t\t\t\t\t\n<table id=\"tablepress-10\" class=\"tablepress tablepress-id-10 my-class\">\n<thead>\n<tr class=\"row-1\">\n\t<th class=\"column-1\">Annulering voor aankomst<\/th><th class=\"column-2\">Standplaats<\/th><th class=\"column-3\">Appartement \/ Caravan<\/th>\n<\/tr>\n<\/thead>\n<tbody class=\"row-striping row-hover\">\n<tr class=\"row-2\">\n\t<td class=\"column-1\">tot 6 weken van tevoren<\/td><td class=\"column-2\">20 \u20ac<\/td><td class=\"column-3\">20 \u20ac<\/td>\n<\/tr>\n<tr class=\"row-3\">\n\t<td class=\"column-1\">tot 4 weken van tevoren<\/td><td class=\"column-2\">20 \u20ac<\/td><td class=\"column-3\">100 \u20ac<\/td>\n<\/tr>\n<tr class=\"row-4\">\n\t<td class=\"column-1\">tot 2 weken daarvoor<\/td><td class=\"column-2\">20 \u20ac<\/td><td class=\"column-3\">150 \u20ac<\/td>\n<\/tr>\n<tr class=\"row-5\">\n\t<td class=\"column-1\">Minder dan 2 weken<\/td><td class=\"column-2\">20 \u20ac \/ nacht<\/td><td class=\"column-3\">80% van de reisprijs<\/td>\n<\/tr>\n<tr class=\"row-6\">\n\t<td class=\"column-1\">vanaf de dag van aankomst<\/td><td class=\"column-2\">80% van de reisprijs<\/td><td class=\"column-3\">80% van de reisprijs<\/td>\n<\/tr>\n<\/tbody>\n<\/table>\n<!-- #tablepress-10 from cache -->\t\t\t\t<\/div>\n\t\t\t\t\t<\/div>\n\t\t\t\t<\/div>\n\t\t\t\t<\/div>","protected":false},"excerpt":{"rendered":"<p>Stornierungsbedingungen Um es f\u00fcr euch m\u00f6glichst unkompliziert zu halten, verzichten wir in den meisten F\u00e4llen auf eine Anzahlung. Nach eurer Buchung reservieren wir den Stellplatz oder die Ferienwohnung selbstverst\u00e4ndlich verbindlich f\u00fcr euch und sagen anderen Interessenten ab. Sollten sich eure Pl\u00e4ne \u00e4ndern fallen bei Absage (schriftlich und formlos), bei Nicht-Anreise oder bei einer Verk\u00fcrzung des [&hellip;]<\/p>\n","protected":false},"author":1,"featured_media":0,"parent":0,"menu_order":0,"comment_status":"closed","ping_status":"closed","template":"","meta":{"_acf_changed":false,"footnotes":""},"class_list":["post-31","page","type-page","status-publish","hentry"],"acf":[],"yoast_head":"<!-- This site is optimized with the Yoast SEO plugin v27.5 - https:\/\/yoast.com\/product\/yoast-seo-wordpress\/ -->\n<title>Stornobedingungen - Camping Bergheimat<\/title>\n<meta name=\"robots\" content=\"index, follow, max-snippet:-1, max-image-preview:large, max-video-preview:-1\" \/>\n<link rel=\"canonical\" href=\"https:\/\/www.camping-bergheimat.de\/nl\/stornobedingungen\/\" \/>\n<meta property=\"og:locale\" content=\"nl_NL\" \/>\n<meta property=\"og:type\" content=\"article\" \/>\n<meta property=\"og:title\" content=\"Stornobedingungen - Camping Bergheimat\" \/>\n<meta property=\"og:description\" content=\"Stornierungsbedingungen Um es f\u00fcr euch m\u00f6glichst unkompliziert zu halten, verzichten wir in den meisten F\u00e4llen auf eine Anzahlung. Nach eurer Buchung reservieren wir den Stellplatz oder die Ferienwohnung selbstverst\u00e4ndlich verbindlich f\u00fcr euch und sagen anderen Interessenten ab. Sollten sich eure Pl\u00e4ne \u00e4ndern fallen bei Absage (schriftlich und formlos), bei Nicht-Anreise oder bei einer Verk\u00fcrzung des [&hellip;]\" \/>\n<meta property=\"og:url\" content=\"https:\/\/www.camping-bergheimat.de\/nl\/stornobedingungen\/\" \/>\n<meta property=\"og:site_name\" content=\"Camping Bergheimat\" \/>\n<meta property=\"article:modified_time\" content=\"2026-02-04T19:15:58+00:00\" \/>\n<meta name=\"twitter:card\" content=\"summary_large_image\" \/>\n<meta name=\"twitter:label1\" content=\"Geschatte leestijd\" \/>\n\t<meta name=\"twitter:data1\" content=\"1 minuut\" \/>\n<script type=\"application\/ld+json\" class=\"yoast-schema-graph\">{\"@context\":\"https:\\\/\\\/schema.org\",\"@graph\":[{\"@type\":\"WebPage\",\"@id\":\"https:\\\/\\\/www.camping-bergheimat.de\\\/stornobedingungen\\\/\",\"url\":\"https:\\\/\\\/www.camping-bergheimat.de\\\/stornobedingungen\\\/\",\"name\":\"Stornobedingungen - Camping Bergheimat\",\"isPartOf\":{\"@id\":\"https:\\\/\\\/www.camping-bergheimat.de\\\/#website\"},\"datePublished\":\"2025-07-22T09:12:22+00:00\",\"dateModified\":\"2026-02-04T19:15:58+00:00\",\"breadcrumb\":{\"@id\":\"https:\\\/\\\/www.camping-bergheimat.de\\\/stornobedingungen\\\/#breadcrumb\"},\"inLanguage\":\"nl-NL\",\"potentialAction\":[{\"@type\":\"ReadAction\",\"target\":[\"https:\\\/\\\/www.camping-bergheimat.de\\\/stornobedingungen\\\/\"]}]},{\"@type\":\"BreadcrumbList\",\"@id\":\"https:\\\/\\\/www.camping-bergheimat.de\\\/stornobedingungen\\\/#breadcrumb\",\"itemListElement\":[{\"@type\":\"ListItem\",\"position\":1,\"name\":\"Startseite\",\"item\":\"https:\\\/\\\/www.camping-bergheimat.de\\\/\"},{\"@type\":\"ListItem\",\"position\":2,\"name\":\"Stornobedingungen\"}]},{\"@type\":\"WebSite\",\"@id\":\"https:\\\/\\\/www.camping-bergheimat.de\\\/#website\",\"url\":\"https:\\\/\\\/www.camping-bergheimat.de\\\/\",\"name\":\"Camping Bergheimat\",\"description\":\"\",\"publisher\":{\"@id\":\"https:\\\/\\\/www.camping-bergheimat.de\\\/#organization\"},\"potentialAction\":[{\"@type\":\"SearchAction\",\"target\":{\"@type\":\"EntryPoint\",\"urlTemplate\":\"https:\\\/\\\/www.camping-bergheimat.de\\\/?s={search_term_string}\"},\"query-input\":{\"@type\":\"PropertyValueSpecification\",\"valueRequired\":true,\"valueName\":\"search_term_string\"}}],\"inLanguage\":\"nl-NL\"},{\"@type\":\"Organization\",\"@id\":\"https:\\\/\\\/www.camping-bergheimat.de\\\/#organization\",\"name\":\"Camping Bergheimat\",\"url\":\"https:\\\/\\\/www.camping-bergheimat.de\\\/\",\"logo\":{\"@type\":\"ImageObject\",\"inLanguage\":\"nl-NL\",\"@id\":\"https:\\\/\\\/www.camping-bergheimat.de\\\/#\\\/schema\\\/logo\\\/image\\\/\",\"url\":\"https:\\\/\\\/www.camping-bergheimat.de\\\/wp-content\\\/uploads\\\/2025\\\/08\\\/Bergheimat-Logo-2_300dpi-scaled.png\",\"contentUrl\":\"https:\\\/\\\/www.camping-bergheimat.de\\\/wp-content\\\/uploads\\\/2025\\\/08\\\/Bergheimat-Logo-2_300dpi-scaled.png\",\"width\":2560,\"height\":1810,\"caption\":\"Camping Bergheimat\"},\"image\":{\"@id\":\"https:\\\/\\\/www.camping-bergheimat.de\\\/#\\\/schema\\\/logo\\\/image\\\/\"}}]}<\/script>\n<!-- \/ Yoast SEO plugin. -->","yoast_head_json":{"title":"Annuleringsvoorwaarden - Camping Bergheimat","robots":{"index":"index","follow":"follow","max-snippet":"max-snippet:-1","max-image-preview":"max-image-preview:large","max-video-preview":"max-video-preview:-1"},"canonical":"https:\/\/www.camping-bergheimat.de\/nl\/stornobedingungen\/","og_locale":"nl_NL","og_type":"article","og_title":"Stornobedingungen - Camping Bergheimat","og_description":"Stornierungsbedingungen Um es f\u00fcr euch m\u00f6glichst unkompliziert zu halten, verzichten wir in den meisten F\u00e4llen auf eine Anzahlung. Nach eurer Buchung reservieren wir den Stellplatz oder die Ferienwohnung selbstverst\u00e4ndlich verbindlich f\u00fcr euch und sagen anderen Interessenten ab. Sollten sich eure Pl\u00e4ne \u00e4ndern fallen bei Absage (schriftlich und formlos), bei Nicht-Anreise oder bei einer Verk\u00fcrzung des [&hellip;]","og_url":"https:\/\/www.camping-bergheimat.de\/nl\/stornobedingungen\/","og_site_name":"Camping Bergheimat","article_modified_time":"2026-02-04T19:15:58+00:00","twitter_card":"summary_large_image","twitter_misc":{"Geschatte leestijd":"1 minuut"},"schema":{"@context":"https:\/\/schema.org","@graph":[{"@type":"WebPage","@id":"https:\/\/www.camping-bergheimat.de\/stornobedingungen\/","url":"https:\/\/www.camping-bergheimat.de\/stornobedingungen\/","name":"Annuleringsvoorwaarden - Camping Bergheimat","isPartOf":{"@id":"https:\/\/www.camping-bergheimat.de\/#website"},"datePublished":"2025-07-22T09:12:22+00:00","dateModified":"2026-02-04T19:15:58+00:00","breadcrumb":{"@id":"https:\/\/www.camping-bergheimat.de\/stornobedingungen\/#breadcrumb"},"inLanguage":"nl-NL","potentialAction":[{"@type":"ReadAction","target":["https:\/\/www.camping-bergheimat.de\/stornobedingungen\/"]}]},{"@type":"BreadcrumbList","@id":"https:\/\/www.camping-bergheimat.de\/stornobedingungen\/#breadcrumb","itemListElement":[{"@type":"ListItem","position":1,"name":"Startseite","item":"https:\/\/www.camping-bergheimat.de\/"},{"@type":"ListItem","position":2,"name":"Stornobedingungen"}]},{"@type":"WebSite","@id":"https:\/\/www.camping-bergheimat.de\/#website","url":"https:\/\/www.camping-bergheimat.de\/","name":"Camping &amp; Pension Bergheimat","description":"","publisher":{"@id":"https:\/\/www.camping-bergheimat.de\/#organization"},"potentialAction":[{"@type":"SearchAction","target":{"@type":"EntryPoint","urlTemplate":"https:\/\/www.camping-bergheimat.de\/?s={search_term_string}"},"query-input":{"@type":"PropertyValueSpecification","valueRequired":true,"valueName":"search_term_string"}}],"inLanguage":"nl-NL"},{"@type":"Organization","@id":"https:\/\/www.camping-bergheimat.de\/#organization","name":"Camping &amp; Pension Bergheimat","url":"https:\/\/www.camping-bergheimat.de\/","logo":{"@type":"ImageObject","inLanguage":"nl-NL","@id":"https:\/\/www.camping-bergheimat.de\/#\/schema\/logo\/image\/","url":"https:\/\/www.camping-bergheimat.de\/wp-content\/uploads\/2025\/08\/Bergheimat-Logo-2_300dpi-scaled.png","contentUrl":"https:\/\/www.camping-bergheimat.de\/wp-content\/uploads\/2025\/08\/Bergheimat-Logo-2_300dpi-scaled.png","width":2560,"height":1810,"caption":"Camping Bergheimat"},"image":{"@id":"https:\/\/www.camping-bergheimat.de\/#\/schema\/logo\/image\/"}}]}},"_links":{"self":[{"href":"https:\/\/www.camping-bergheimat.de\/nl\/wp-json\/wp\/v2\/pages\/31","targetHints":{"allow":["GET"]}}],"collection":[{"href":"https:\/\/www.camping-bergheimat.de\/nl\/wp-json\/wp\/v2\/pages"}],"about":[{"href":"https:\/\/www.camping-bergheimat.de\/nl\/wp-json\/wp\/v2\/types\/page"}],"author":[{"embeddable":true,"href":"https:\/\/www.camping-bergheimat.de\/nl\/wp-json\/wp\/v2\/users\/1"}],"replies":[{"embeddable":true,"href":"https:\/\/www.camping-bergheimat.de\/nl\/wp-json\/wp\/v2\/comments?post=31"}],"version-history":[{"count":10,"href":"https:\/\/www.camping-bergheimat.de\/nl\/wp-json\/wp\/v2\/pages\/31\/revisions"}],"predecessor-version":[{"id":5302,"href":"https:\/\/www.camping-bergheimat.de\/nl\/wp-json\/wp\/v2\/pages\/31\/revisions\/5302"}],"wp:attachment":[{"href":"https:\/\/www.camping-bergheimat.de\/nl\/wp-json\/wp\/v2\/media?parent=31"}],"curies":[{"name":"wp","href":"https:\/\/api.w.org\/{rel}","templated":true}]}}